
 {"id":496,"date":"2019-01-15T12:38:47","date_gmt":"2019-01-15T12:38:47","guid":{"rendered":"http:\/\/munramallo.zapto.org:8083\/wordpress\/?page_id=496"},"modified":"2019-01-15T14:02:00","modified_gmt":"2019-01-15T14:02:00","slug":"publicidad-y-propaganda","status":"publish","type":"page","link":"http:\/\/www.haciendaramallo.com.ar\/?page_id=496","title":{"rendered":"Publicidad y Propaganda"},"content":{"rendered":"<h6>Lugar a realizarla:<\/h6>\n<ul>\n<li>\n<h4>Municipalidad de Ramallo<\/h4>\n<\/li>\n<\/ul>\n<h4 style=\"padding-left: 30px;\">Domicilio: Av. San Mart\u00edn 989 &#8211; Ramallo<\/h4>\n<h4 style=\"padding-left: 30px;\">Tel\u00e9fono: (03407) 422900 &#8211; Int. 221<\/h4>\n<h4 style=\"padding-left: 30px;\">Email: tributos@haciendaramallo.com.ar<\/h4>\n<h4 style=\"padding-left: 30px;\">Dias y Horarios: Lunes a Viernes de 7:00 a 13:00 hs.<\/h4>\n<h4>Requisitos para colocar Cartel en:<\/h4>\n<ul>\n<li>\n<h4>ZONA URBANA: # Solicitar permiso en Oficina de Obras P\u00fablicas<\/h4>\n<\/li>\n<\/ul>\n<h4 style=\"padding-left: 60px;\">\u00a0 \u00a0 \u00a0 \u00a0 \u00a0 \u00a0 \u00a0 \u00a0 \u00a0 \u00a0 \u00a0# Notificar a la Oficina de Tributos sobre la colocaci\u00f3n de elementos de Publicidad con una Declaraci\u00f3n Jurada.<\/h4>\n<h4 style=\"padding-left: 60px;\">\u00a0 \u00a0 \u00a0 \u00a0 \u00a0 \u00a0 \u00a0 \u00a0 \u00a0 \u00a0 \u00a0Ejemplo:<\/h4>\n<table style=\"width: 400px;\" align=\"center\">\n<tbody>\n<tr>\n<td width=\"53px\">MARCA<\/td>\n<td width=\"36px\">TIPO<\/td>\n<td width=\"24px\">M\u00b2<\/td>\n<td width=\"118px\">CARACTER\u00cdSTICAS<\/td>\n<td width=\"77px\">UBICACI\u00d3N<\/td>\n<td width=\"43px\">ZONA<\/td>\n<\/tr>\n<tr>\n<td>\n<p>&nbsp;<\/p>\n<p>&nbsp;<\/td>\n<td><\/td>\n<td><\/td>\n<td><\/td>\n<td><\/td>\n<td><\/td>\n<\/tr>\n<\/tbody>\n<\/table>\n<h4><\/h4>\n<h4>Observaci\u00f3n: Adjuntar otros datos que sean necesarios como: N\u00famero de CUIT, Domicilio donde necesita recibir la factura, N\u00famero de tel\u00e9fono, Direcci\u00f3n de e-mail, etc.<\/h4>\n<ul style=\"text-align: center;\">\n<li>\n<h4 style=\"text-align: left;\">DISTRITO DE RAMALLO: # Presentar declaraci\u00f3n jurada en Oficina de Tributos y notificar sobre la colocaci\u00f3n de elementos de publicidad.<\/h4>\n<\/li>\n<\/ul>\n","protected":false},"excerpt":{"rendered":"<p>Lugar a realizarla: Municipalidad de Ramallo Domicilio: Av. San Mart\u00edn 989 &#8211; Ramallo Tel\u00e9fono: (03407) 422900 &#8211; Int. 221 Email: tributos@haciendaramallo.com.ar Dias y Horarios: Lunes a Viernes de 7:00 a &#8230;<\/p>\n","protected":false},"author":1,"featured_media":0,"parent":0,"menu_order":0,"comment_status":"closed","ping_status":"closed","template":"","meta":{"footnotes":"","powered_cache_disable_cache":false},"_links":{"self":[{"href":"http:\/\/www.haciendaramallo.com.ar\/index.php?rest_route=\/wp\/v2\/pages\/496"}],"collection":[{"href":"http:\/\/www.haciendaramallo.com.ar\/index.php?rest_route=\/wp\/v2\/pages"}],"about":[{"href":"http:\/\/www.haciendaramallo.com.ar\/index.php?rest_route=\/wp\/v2\/types\/page"}],"author":[{"embeddable":true,"href":"http:\/\/www.haciendaramallo.com.ar\/index.php?rest_route=\/wp\/v2\/users\/1"}],"replies":[{"embeddable":true,"href":"http:\/\/www.haciendaramallo.com.ar\/index.php?rest_route=%2Fwp%2Fv2%2Fcomments&post=496"}],"version-history":[{"count":53,"href":"http:\/\/www.haciendaramallo.com.ar\/index.php?rest_route=\/wp\/v2\/pages\/496\/revisions"}],"predecessor-version":[{"id":552,"href":"http:\/\/www.haciendaramallo.com.ar\/index.php?rest_route=\/wp\/v2\/pages\/496\/revisions\/552"}],"wp:attachment":[{"href":"http:\/\/www.haciendaramallo.com.ar\/index.php?rest_route=%2Fwp%2Fv2%2Fmedia&parent=496"}],"curies":[{"name":"wp","href":"https:\/\/api.w.org\/{rel}","templated":true}]}}