
 {"id":580,"date":"2019-01-15T14:55:45","date_gmt":"2019-01-15T14:55:45","guid":{"rendered":"http:\/\/munramallo.zapto.org:8083\/wordpress\/?page_id=580"},"modified":"2025-02-10T15:27:15","modified_gmt":"2025-02-10T15:27:15","slug":"registro-de-proveedores","status":"publish","type":"page","link":"https:\/\/www.haciendaramallo.com.ar\/?page_id=580","title":{"rendered":"Registro de Proveedores"},"content":{"rendered":"<h4>Requisitos de Inscripci\u00f3n :<\/h4>\n<ul>\n<li>\n<h4>Constancia de Inscripci\u00f3n Ingresos Brutos<\/h4>\n<\/li>\n<li>\n<h4>Constancia de Inscripci\u00f3n AFIP<\/h4>\n<\/li>\n<li>\n<h4>Habilitaci\u00f3n Municipal (si es del Partido de Ramallo)<\/h4>\n<\/li>\n<li>\n<h4>Contrato Social y \u00daltimo Balance (si es una Sociedad)<\/h4>\n<\/li>\n<li>\n<h4>Formulario de Inscripci\u00f3n\u00a0&#8211;\u00a0<a href=\"\/wp-content\/uploads\/2019\/01\/ProveedoresFicha.pdf\" target=\"_blank\" rel=\"noopener noreferrer\">descarguelo aqu\u00ed<\/a><\/h4>\n<\/li>\n<li>\n<h4>Pago de un sellado en Tesorer\u00eda Municipal. El mismo ser\u00e1 generado por la Oficina de Compras una vez presentada la documentaci\u00f3n. <strong>Aclaraci\u00f3n<\/strong>: El mismo podr\u00e1 ser abonado v\u00eda transferencia bancaria.<\/h4>\n<\/li>\n<\/ul>\n<h3>\n    La documentaci\u00f3n debe presentarse en la Oficina de Compras de la Municipalidad o v\u00eda mail a<br \/>\n    <a href=\"mailto:v.abella@muniramallo.com.ar\">v.abella@muniramallo.com.ar<\/a>,<br \/>\n    <a href=\"mailto:s.niz@muniramallo.com.ar\">s.niz@muniramallo.com.ar<\/a> o<br \/>\n    <a href=\"mailto:m.lucchesi@muniramallo.com.ar\">m.lucchesi@muniramallo.com.ar<\/a>.<br \/>\n<\/h3>\n<h4>Formularios Tesoreria :<\/h4>\n<ul>\n<li style=\"list-style-type: none;\">\n<ul>\n<li>\n<h4>Formulario 33 &#8211; REGISTRO DE FIRMA\u00a0&#8211;\u00a0<a href=\"\/wp-content\/uploads\/2021\/02\/f33-con-membrete.docx\" target=\"_blank\" rel=\"noopener noreferrer\">descarguelo aqu\u00ed para completar<\/a><\/h4>\n<\/li>\n<li>\n<h4>Formulario 35 &#8211; AUTORIZACION DE ACREDITACION EN CUENTA BANCARIA PDF\u00a0&#8211;\u00a0<a href=\"\/wp-content\/uploads\/2020\/06\/F-35-PDF.PDF\" target=\"_blank\" rel=\"noopener noreferrer\">descarguelo aqu\u00ed<\/a><\/h4>\n<\/li>\n<li>\n<h4>Instructivo para la carga de Formularios &#8211; <a href=\"\/wp-content\/uploads\/2021\/02\/Instructivo.docx\" target=\"_blank\" rel=\"noopener noreferrer\">descarguelo aqu\u00ed<\/a><\/h4>\n<\/li>\n<\/ul>\n<\/li>\n<\/ul>\n<h3>La documentaci\u00f3n debe presentarse en la Oficina Tesorer\u00eda o v\u00eda mail a <a href=\"mailto:tesomuniramallo@gmail.com\">tesomuniramallo@gmail.com<\/a> .<\/h3>\n","protected":false},"excerpt":{"rendered":"<p>Requisitos de Inscripci\u00f3n : Constancia de Inscripci\u00f3n Ingresos Brutos Constancia de Inscripci\u00f3n AFIP Habilitaci\u00f3n Municipal (si es del Partido de Ramallo) Contrato Social y \u00daltimo Balance (si es una Sociedad) &#8230;<\/p>\n","protected":false},"author":1,"featured_media":0,"parent":0,"menu_order":0,"comment_status":"closed","ping_status":"closed","template":"","meta":{"footnotes":"","powered_cache_disable_cache":false},"_links":{"self":[{"href":"https:\/\/www.haciendaramallo.com.ar\/index.php?rest_route=\/wp\/v2\/pages\/580"}],"collection":[{"href":"https:\/\/www.haciendaramallo.com.ar\/index.php?rest_route=\/wp\/v2\/pages"}],"about":[{"href":"https:\/\/www.haciendaramallo.com.ar\/index.php?rest_route=\/wp\/v2\/types\/page"}],"author":[{"embeddable":true,"href":"https:\/\/www.haciendaramallo.com.ar\/index.php?rest_route=\/wp\/v2\/users\/1"}],"replies":[{"embeddable":true,"href":"https:\/\/www.haciendaramallo.com.ar\/index.php?rest_route=%2Fwp%2Fv2%2Fcomments&post=580"}],"version-history":[{"count":11,"href":"https:\/\/www.haciendaramallo.com.ar\/index.php?rest_route=\/wp\/v2\/pages\/580\/revisions"}],"predecessor-version":[{"id":1402,"href":"https:\/\/www.haciendaramallo.com.ar\/index.php?rest_route=\/wp\/v2\/pages\/580\/revisions\/1402"}],"wp:attachment":[{"href":"https:\/\/www.haciendaramallo.com.ar\/index.php?rest_route=%2Fwp%2Fv2%2Fmedia&parent=580"}],"curies":[{"name":"wp","href":"https:\/\/api.w.org\/{rel}","templated":true}]}}